
{"id":96,"date":"2017-10-28T03:14:19","date_gmt":"2017-10-28T01:14:19","guid":{"rendered":"http:\/\/www.ooepvs.at\/home\/?page_id=96"},"modified":"2022-04-13T20:12:12","modified_gmt":"2022-04-13T18:12:12","slug":"voraussetzungen","status":"publish","type":"page","link":"https:\/\/www.ooepvs.at\/home\/index.php\/voraussetzungen\/","title":{"rendered":"Voraussetzungen"},"content":{"rendered":"\n<p>Voraussetzungen f\u00fcr den Erwerb der Bef\u00e4higungsausweise<\/p>\n\n\n\n<h1 class=\"wp-block-heading\">Allgemeine Voraussetzungen<\/h1>\n\n\n\n<ul class=\"wp-block-list\"><li> F\u00fcr FB-I, FB-II und FB-III: Ein ausgef\u00fclltes O\u00d6PVS Datenblatt.<br><div class=\"row\"><div class=\"col col-sm-8\"><p><a href=\"https:\/\/www.ooepvs.at\/home\/wp-content\/uploads\/2020\/06\/OOEPVS_DATENBLATT.pdf\">Formular hier herunterladen<\/a><\/p><\/div><\/div><\/li><li>F\u00fcr den FB-IV sind spezielle Formulare anzufordern.<\/li><li>\u00c4rztliches Attest \u00fcber k\u00f6rperliche und geistige Eignung zum F\u00fchren einer Jacht oder <\/li><li>KFZ F\u00fchrerschein Kopie<\/li><li>Nachweis \u00fcber Ausbildung in &#8211; Lebensrettende Sofortma\u00dfnahmen am Unfallort (Kurs 16 Stunden), oder KFZ F\u00fchrerschein Kopie ausgestellt ab 1973 der Gruppen B, C, CE oder D<\/li><li>\u00c4rztliches Attest \u00fcber ausreichendes Farbunterscheidungsverm\u00f6gen oder Kopie amtl. \u00f6sterr. Binnenpatent ab 2011 ausgestellt oder KFZ F\u00fchrerschein vor 11\/97 ausgestellt.<\/li><li>F\u00fcr Segelscheine ist f\u00fcr FB-I der Grundschein, f\u00fcr FB-II der Segel A-Schein erforderlich oder gleichwertige Kenntnisse.<\/li><\/ul>\n\n\n\n<h1 class=\"wp-block-heading\">Erfahrung<\/h1>\n\n\n\n<figure class=\"wp-block-table aligncenter has-small-font-size\"><table><thead><tr><th class=\"has-text-align-center\" data-align=\"center\">Fahrtbereich<\/th><th>Beschr\u00e4nkungen<\/th><th>Seemeilen<\/th><th>davon Schiffsf\u00fchrer-Erfahrung<\/th><th class=\"has-text-align-center\" data-align=\"center\">Nachtfahrten und Nachtansteuerungen<\/th><\/tr><\/thead><tbody><tr><td class=\"has-text-align-center\" data-align=\"center\"><strong>1 <br>(Watt- und Tagesfahrt)<\/strong><\/td><td>L\u00e4nge bis 10m, 3SM von der K\u00fcste,<br>Mindestalter 16J<\/td><td>50<\/td><td><\/td><td class=\"has-text-align-center\" data-align=\"center\">1<\/td><\/tr><tr><td class=\"has-text-align-center\" data-align=\"center\"><strong>2 <\/strong><br><strong>(K\u00fcstenfahrt)<\/strong><\/td><td>20SM von der K\u00fcste, <br>Mindestalter 18J<\/td><td>f\u00fcr Motor: 300<br>f\u00fcr Motor und Segel: 500<\/td><td><\/td><td class=\"has-text-align-center\" data-align=\"center\">3<\/td><\/tr><tr><td class=\"has-text-align-center\" data-align=\"center\"><strong>3 <br>(K\u00fcstennahe Fahrt)<\/strong><\/td><td>200SM von der K\u00fcste, <br>Mindestalter 18J<\/td><td>f\u00fcr Motor: 1000<br>f\u00fcr Motor und Segel: 1500<\/td><td>f\u00fcr Motor: 250<br>f\u00fcr Motor und Segel: 500<\/td><td class=\"has-text-align-center\" data-align=\"center\">5<\/td><\/tr><tr><td class=\"has-text-align-center\" data-align=\"center\"><strong>4 <br>(Weltweite Fahrt)<\/strong><\/td><td>keine Beschr\u00e4nkungen, Mindestalter 18J<\/td><td>f\u00fcr Motor: 2500<br>f\u00fcr Motor und Segel: 3500<\/td><td>f\u00fcr Motor: 750<br>f\u00fcr Motor und Segel: 1000<\/td><td class=\"has-text-align-center\" data-align=\"center\">5<\/td><\/tr><\/tbody><\/table><figcaption>Seem\u00e4nnische Erfahrung pro Fahrtbereich gem\u00e4\u00df Jachtverordnung \u00a724 (BGBL. II Nr. 205\/2020) Anforderungen an Bewerberinnen und Bewerber<\/figcaption><\/figure>\n\n\n\n<h1 class=\"wp-block-heading\">Regelungen f\u00fcr die seem\u00e4nnische Praxis und Seefahrterfahrung<\/h1>\n\n\n\n<ul class=\"wp-block-list\"><li>Der Praxis- und Erfahrungsnachweis ist auf einer geeigneten Jacht zu erbringen, Segeljacht und Motorjacht Seemeilen gelten als seem\u00e4nnische Erfahrung<\/li><li>Der Praxis- und Erfahrungsnachweis gilt ab dem vollendeten 14. Lebensjahr<\/li><li>Nachtfahrten dauern mindestens drei Stunden nach Sonnenuntergang\/vor Sonnenaufgang und schlie\u00dfen eine Ansteuerung (Ein- bzw. Auslaufen w\u00e4hrend dieser drei Stunden) mit ein. Fahrten auf offener See sind als Nachtfahrt anrechenbar, wenn sie von Sonnenunter- bis Sonnenaufgang gedauert haben. W\u00e4hrend der Nachtfahrt ist die aktive Teilnahme am Bordgeschehen \u00fcber einen Zeitraum von mindestens drei Stunden unerl\u00e4sslich.<\/li><\/ul>\n\n\n\n<h1 class=\"wp-block-heading\">Nachweis der Seemeilen<\/h1>\n\n\n\n<p>Bis 2014 gelten Einzelt\u00f6rns, best\u00e4tigt vom Schiffsf\u00fchrer oder Abgabe einer eidesstattlichen\u00a0 Erl\u00e4rung.<\/p>\n\n\n\n<p>Ab 2015 gilt der Nachweis nur in Form eines pers\u00f6nlichen Logbuches mit folgenden Angaben: Schiff, Schiffsf\u00fchrer, Crew, Wetter, Route, Tag- und Nachtfahrten, Position an Bord.<\/p>\n\n\n\n<h1 class=\"wp-block-heading\">Pr\u00fcfung<\/h1>\n\n\n\n<p>Eine Pr\u00fcfung darf ausnahmslos nur von lizenzierten Pr\u00fcfern des O\u00d6PVS abgenommen werden. Sie besteht aus einem theoretischen und einem praktischen Teil. Die praktische Pr\u00fcfung darf erst nach erfolgreicher Absolvierung der theoretischen Pr\u00fcfung abgenommen werden. Zwischen theoretischer und praktischer Pr\u00fcfung d\u00fcrfen nicht mehr als zwei Jahre liegen.<\/p>\n\n\n\n<h1 class=\"wp-block-heading\">Kosten<\/h1>\n\n\n\n<p>Die Kosten und die Verg\u00fctung von Spesen werden vom Vorstand beschlossen und gesondert ver\u00f6ffentlicht.<\/p>\n\n\n\n<h1 class=\"wp-block-heading\">Anmeldung zur Pr\u00fcfung<\/h1>\n\n\n\n<p>Die Pr\u00fcfungen werden vom Veranstalter nach Art (Theorie-, Praxis- oder Wiederholungspr\u00fcfung) getrennt unter Bekanntgabe der erforderlichen Daten beim O\u00d6PVS angemeldet.<\/p>\n","protected":false},"excerpt":{"rendered":"<p>Voraussetzungen f\u00fcr den Erwerb der Bef\u00e4higungsausweise Allgemeine Voraussetzungen F\u00fcr FB-I, FB-II und FB-III: Ein ausgef\u00fclltes O\u00d6PVS Datenblatt. Formular hier herunterladen F\u00fcr den FB-IV sind spezielle Formulare anzufordern. \u00c4rztliches Attest \u00fcber k\u00f6rperliche und geistige Eignung zum F\u00fchren einer Jacht oder KFZ F\u00fchrerschein Kopie Nachweis \u00fcber Ausbildung in &#8211; Lebensrettende Sofortma\u00dfnahmen am Unfallort (Kurs 16 Stunden), oder &hellip; <\/p>\n<p class=\"link-more\"><a href=\"https:\/\/www.ooepvs.at\/home\/index.php\/voraussetzungen\/\" class=\"more-link\"><span class=\"screen-reader-text\">\u201eVoraussetzungen\u201c<\/span> weiterlesen<\/a><\/p>\n","protected":false},"author":1,"featured_media":0,"parent":0,"menu_order":0,"comment_status":"closed","ping_status":"closed","template":"","meta":{"footnotes":""},"class_list":["post-96","page","type-page","status-publish","hentry"],"_links":{"self":[{"href":"https:\/\/www.ooepvs.at\/home\/index.php\/wp-json\/wp\/v2\/pages\/96","targetHints":{"allow":["GET"]}}],"collection":[{"href":"https:\/\/www.ooepvs.at\/home\/index.php\/wp-json\/wp\/v2\/pages"}],"about":[{"href":"https:\/\/www.ooepvs.at\/home\/index.php\/wp-json\/wp\/v2\/types\/page"}],"author":[{"embeddable":true,"href":"https:\/\/www.ooepvs.at\/home\/index.php\/wp-json\/wp\/v2\/users\/1"}],"replies":[{"embeddable":true,"href":"https:\/\/www.ooepvs.at\/home\/index.php\/wp-json\/wp\/v2\/comments?post=96"}],"version-history":[{"count":32,"href":"https:\/\/www.ooepvs.at\/home\/index.php\/wp-json\/wp\/v2\/pages\/96\/revisions"}],"predecessor-version":[{"id":273,"href":"https:\/\/www.ooepvs.at\/home\/index.php\/wp-json\/wp\/v2\/pages\/96\/revisions\/273"}],"wp:attachment":[{"href":"https:\/\/www.ooepvs.at\/home\/index.php\/wp-json\/wp\/v2\/media?parent=96"}],"curies":[{"name":"wp","href":"https:\/\/api.w.org\/{rel}","templated":true}]}}