
{"id":67,"date":"2017-10-28T00:47:37","date_gmt":"2017-10-27T22:47:37","guid":{"rendered":"http:\/\/www.ooepvs.at\/home\/?page_id=67"},"modified":"2023-02-01T15:13:55","modified_gmt":"2023-02-01T14:13:55","slug":"der-verband","status":"publish","type":"page","link":"https:\/\/www.ooepvs.at\/home\/index.php\/der-verband\/","title":{"rendered":"Der Verband"},"content":{"rendered":"<p>Der O\u00d6PVS f\u00fchrt K\u00fcstenpatent-Pr\u00fcfungen f\u00fcr alle Fahrtbereiche f\u00fcr Segel- und Motoryachten durch.<\/p>\n<p>Der Wirkungsbereich des O\u00d6PVS ist ganz \u00d6sterreich. Alle gemeinn\u00fctzige Vereine, gewerbliche Bildungsst\u00e4tten und sonstige Personen k\u00f6nnen bei uns Pr\u00fcfungen f\u00fcr Hochseepatente (FB 1 bis 4 Motor und Segeln) beantragen bzw. mit den Pr\u00fcferInnen vereinbaren.<\/p>\n<p>Nach erfolgreicher Pr\u00fcfung bekommen Sie die <strong>Yachtmaster-License for Operators of Pleasure Craft (YL)<\/strong> ausgestellt.<\/p>\n<p>Praxispr\u00fcfungen werden mit h\u00f6chstens sechs Kandidaten auf vollst\u00e4ndig ausger\u00fcsteten (GPS, Radar, GMDSS-Funk) Segelyachten oder Motoryachten durchgef\u00fchrt.<\/p>\n<p>Pr\u00fcfungstermine auf Anfrage.<\/p>\n<p>Pr\u00fcfungen f\u00fcr den Fahrtbereich 4 (FB-IV, f\u00fcr die unbeschr\u00e4nkte Fahrt auf den Weltmeeren) m\u00fcssen gesondert organisiert werden. Die Praxispr\u00fcfung findet in Gew\u00e4ssern mit speziellen Anforderungen statt.<\/p>\n<hr \/>\n<h1>Unsere Pr\u00fcfer:<\/h1>\n<hr \/>\n<div class=\"row\">\n<div class=\"col col-sm-7\">\n<h2>Friedrich Bauer<\/h2>\n<p>Neuhofenstrasse 30<br \/>\n4810 Gmunden<br \/>\nTel: +43 664 2310664<br \/>\ne-mail: <a href=\"mailto:friedrich.bauer@ooepvs.at\" target=\"_blank\" rel=\"noopener noreferrer\">friedrich.bauer@ooepvs.at<\/a><\/p>\n<p>FB-I, FB-II, FB-III, FB-IV<br \/>\n<img loading=\"lazy\" decoding=\"async\" width=\"273\" height=\"300\" class=\"alignnone size-medium wp-image-42\" style=\"max-height: 50px; max-width: 50px; margin: 10px;\" src=\"https:\/\/www.ooepvs.at\/home\/wp-content\/uploads\/2017\/10\/2000px-Sailboat_symbol.svg_-273x300.png\" alt=\"\" srcset=\"https:\/\/www.ooepvs.at\/home\/wp-content\/uploads\/2017\/10\/2000px-Sailboat_symbol.svg_-273x300.png 273w, https:\/\/www.ooepvs.at\/home\/wp-content\/uploads\/2017\/10\/2000px-Sailboat_symbol.svg_-768x844.png 768w, https:\/\/www.ooepvs.at\/home\/wp-content\/uploads\/2017\/10\/2000px-Sailboat_symbol.svg_-932x1024.png 932w, https:\/\/www.ooepvs.at\/home\/wp-content\/uploads\/2017\/10\/2000px-Sailboat_symbol.svg_.png 2000w\" sizes=\"auto, (max-width: 273px) 100vw, 273px\" \/><img loading=\"lazy\" decoding=\"async\" width=\"300\" height=\"147\" class=\"alignnone size-medium wp-image-41\" style=\"max-height: 50px; max-width: 50px; margin: 10px;\" src=\"https:\/\/www.ooepvs.at\/home\/wp-content\/uploads\/2017\/10\/1280px-Speedboat_symbol.svg_-300x147.png\" alt=\"\" srcset=\"https:\/\/www.ooepvs.at\/home\/wp-content\/uploads\/2017\/10\/1280px-Speedboat_symbol.svg_-300x147.png 300w, https:\/\/www.ooepvs.at\/home\/wp-content\/uploads\/2017\/10\/1280px-Speedboat_symbol.svg_-768x376.png 768w, https:\/\/www.ooepvs.at\/home\/wp-content\/uploads\/2017\/10\/1280px-Speedboat_symbol.svg_-1024x502.png 1024w, https:\/\/www.ooepvs.at\/home\/wp-content\/uploads\/2017\/10\/1280px-Speedboat_symbol.svg_.png 1280w\" sizes=\"auto, (max-width: 300px) 100vw, 300px\" \/><\/p>\n<div>Pr\u00fcfer Nr.: 1<\/div>\n<\/div>\n<div class=\"col col-sm-5\" style=\"text-align: center;\"><img loading=\"lazy\" decoding=\"async\" width=\"233\" height=\"300\" class=\"alignnone size-medium wp-image-47\" style=\"width: 50%; max-width: 200px;\" src=\"https:\/\/www.ooepvs.at\/home\/wp-content\/uploads\/2017\/10\/MG_0763-233x300.jpg\" alt=\"\" srcset=\"https:\/\/www.ooepvs.at\/home\/wp-content\/uploads\/2017\/10\/MG_0763-233x300.jpg 233w, https:\/\/www.ooepvs.at\/home\/wp-content\/uploads\/2017\/10\/MG_0763-768x987.jpg 768w, https:\/\/www.ooepvs.at\/home\/wp-content\/uploads\/2017\/10\/MG_0763-796x1024.jpg 796w\" sizes=\"auto, (max-width: 233px) 100vw, 233px\" \/><img loading=\"lazy\" decoding=\"async\" width=\"300\" height=\"300\" class=\"alignnone size-medium wp-image-122\" style=\"width: 30%; max-width: 150px; margin: 10px;\" src=\"https:\/\/www.ooepvs.at\/home\/wp-content\/uploads\/2017\/10\/StempelBauer-300x300.png\" alt=\"\" srcset=\"https:\/\/www.ooepvs.at\/home\/wp-content\/uploads\/2017\/10\/StempelBauer-300x300.png 300w, https:\/\/www.ooepvs.at\/home\/wp-content\/uploads\/2017\/10\/StempelBauer-150x150.png 150w, https:\/\/www.ooepvs.at\/home\/wp-content\/uploads\/2017\/10\/StempelBauer-100x100.png 100w, https:\/\/www.ooepvs.at\/home\/wp-content\/uploads\/2017\/10\/StempelBauer.png 715w\" sizes=\"auto, (max-width: 300px) 100vw, 300px\" \/><\/div>\n<\/div>\n<hr \/>\n<p><!--\n\n\n<div class=\"row\">\n\n\n<div class=\"col col-sm-7\">\n\n\n<h2>Robert Michl<\/h2>\n\n\nKarl Spies-Str. 1\/3\n2525 Sch\u00f6nau an der Triesting\nTel: +43 664 5356933\ne-mail: <a href=\"mailto:robert.michl@ooepvs.at\" target=\"_blank\" rel=\"noopener noreferrer\">robert.michl@ooepvs.at<\/a>\n\nFB-I, FB-II, FB-III\n<img loading=\"lazy\" decoding=\"async\" width=\"273\" height=\"300\" class=\"alignnone size-medium wp-image-42\" style=\"max-height: 50px; max-width: 50px; margin: 10px;\" src=\"https:\/\/www.ooepvs.at\/home\/wp-content\/uploads\/2017\/10\/2000px-Sailboat_symbol.svg_-273x300.png\" alt=\"\" srcset=\"https:\/\/www.ooepvs.at\/home\/wp-content\/uploads\/2017\/10\/2000px-Sailboat_symbol.svg_-273x300.png 273w, https:\/\/www.ooepvs.at\/home\/wp-content\/uploads\/2017\/10\/2000px-Sailboat_symbol.svg_-768x844.png 768w, https:\/\/www.ooepvs.at\/home\/wp-content\/uploads\/2017\/10\/2000px-Sailboat_symbol.svg_-932x1024.png 932w, https:\/\/www.ooepvs.at\/home\/wp-content\/uploads\/2017\/10\/2000px-Sailboat_symbol.svg_.png 2000w\" sizes=\"auto, (max-width: 273px) 100vw, 273px\" \/><img loading=\"lazy\" decoding=\"async\" width=\"300\" height=\"147\" class=\"alignnone size-medium wp-image-41\" style=\"max-height: 50px; max-width: 50px; margin: 10px;\" src=\"https:\/\/www.ooepvs.at\/home\/wp-content\/uploads\/2017\/10\/1280px-Speedboat_symbol.svg_-300x147.png\" alt=\"\" srcset=\"https:\/\/www.ooepvs.at\/home\/wp-content\/uploads\/2017\/10\/1280px-Speedboat_symbol.svg_-300x147.png 300w, https:\/\/www.ooepvs.at\/home\/wp-content\/uploads\/2017\/10\/1280px-Speedboat_symbol.svg_-768x376.png 768w, https:\/\/www.ooepvs.at\/home\/wp-content\/uploads\/2017\/10\/1280px-Speedboat_symbol.svg_-1024x502.png 1024w, https:\/\/www.ooepvs.at\/home\/wp-content\/uploads\/2017\/10\/1280px-Speedboat_symbol.svg_.png 1280w\" sizes=\"auto, (max-width: 300px) 100vw, 300px\" \/>\n\n\n<div>Pr\u00fcfer Nr.: 3<\/div>\n\n\n<\/div>\n\n\n\n\n<div class=\"col col-sm-5\" style=\"text-align: center;\"><img loading=\"lazy\" decoding=\"async\" width=\"200\" height=\"300\" class=\"alignnone size-medium wp-image-43\" style=\"width: 50%; max-width: 200px;\" src=\"https:\/\/www.ooepvs.at\/home\/wp-content\/uploads\/2017\/10\/DSC0112-200x300.jpg\" alt=\"\" srcset=\"https:\/\/www.ooepvs.at\/home\/wp-content\/uploads\/2017\/10\/DSC0112-200x300.jpg 200w, https:\/\/www.ooepvs.at\/home\/wp-content\/uploads\/2017\/10\/DSC0112-768x1154.jpg 768w, https:\/\/www.ooepvs.at\/home\/wp-content\/uploads\/2017\/10\/DSC0112-681x1024.jpg 681w\" sizes=\"auto, (max-width: 200px) 100vw, 200px\" \/><img loading=\"lazy\" decoding=\"async\" width=\"300\" height=\"300\" class=\"alignnone size-medium wp-image-120\" style=\"width: 30%; max-width: 150px; margin: 10px;\" src=\"https:\/\/www.ooepvs.at\/home\/wp-content\/uploads\/2017\/10\/StempelMichl-300x300.png\" alt=\"\" srcset=\"https:\/\/www.ooepvs.at\/home\/wp-content\/uploads\/2017\/10\/StempelMichl-300x300.png 300w, https:\/\/www.ooepvs.at\/home\/wp-content\/uploads\/2017\/10\/StempelMichl-150x150.png 150w, https:\/\/www.ooepvs.at\/home\/wp-content\/uploads\/2017\/10\/StempelMichl-100x100.png 100w, https:\/\/www.ooepvs.at\/home\/wp-content\/uploads\/2017\/10\/StempelMichl.png 713w\" sizes=\"auto, (max-width: 300px) 100vw, 300px\" \/><\/div>\n\n\n<\/div>\n\n\n\n\n\n<hr>\n\n\n\n--><\/p>\n<div class=\"row\">\n<div class=\"col col-sm-7\">\n<h2>Erhard N\u00f6stlinger<\/h2>\n<p>Wildgansstrasse 31<br \/>\n4050 Traun<br \/>\nTel: +43 650 6906247<br \/>\ne-mail: <a href=\"mailto:erhard.noestlinger@ooepvs.at\" target=\"_blank\" rel=\"noopener noreferrer\">erhard.noestlinger@ooepvs.at <\/a><\/p>\n<p>FB-I, FB-II, FB-III, FB-IV<br \/>\n<img loading=\"lazy\" decoding=\"async\" width=\"273\" height=\"300\" class=\"alignnone size-medium wp-image-42\" style=\"max-height: 50px; max-width: 50px; margin: 10px;\" src=\"https:\/\/www.ooepvs.at\/home\/wp-content\/uploads\/2017\/10\/2000px-Sailboat_symbol.svg_-273x300.png\" alt=\"\" srcset=\"https:\/\/www.ooepvs.at\/home\/wp-content\/uploads\/2017\/10\/2000px-Sailboat_symbol.svg_-273x300.png 273w, https:\/\/www.ooepvs.at\/home\/wp-content\/uploads\/2017\/10\/2000px-Sailboat_symbol.svg_-768x844.png 768w, https:\/\/www.ooepvs.at\/home\/wp-content\/uploads\/2017\/10\/2000px-Sailboat_symbol.svg_-932x1024.png 932w, https:\/\/www.ooepvs.at\/home\/wp-content\/uploads\/2017\/10\/2000px-Sailboat_symbol.svg_.png 2000w\" sizes=\"auto, (max-width: 273px) 100vw, 273px\" \/><img loading=\"lazy\" decoding=\"async\" width=\"300\" height=\"147\" class=\"alignnone size-medium wp-image-41\" style=\"max-height: 50px; max-width: 50px; margin: 10px;\" src=\"https:\/\/www.ooepvs.at\/home\/wp-content\/uploads\/2017\/10\/1280px-Speedboat_symbol.svg_-300x147.png\" alt=\"\" srcset=\"https:\/\/www.ooepvs.at\/home\/wp-content\/uploads\/2017\/10\/1280px-Speedboat_symbol.svg_-300x147.png 300w, https:\/\/www.ooepvs.at\/home\/wp-content\/uploads\/2017\/10\/1280px-Speedboat_symbol.svg_-768x376.png 768w, https:\/\/www.ooepvs.at\/home\/wp-content\/uploads\/2017\/10\/1280px-Speedboat_symbol.svg_-1024x502.png 1024w, https:\/\/www.ooepvs.at\/home\/wp-content\/uploads\/2017\/10\/1280px-Speedboat_symbol.svg_.png 1280w\" sizes=\"auto, (max-width: 300px) 100vw, 300px\" \/><\/p>\n<div>Pr\u00fcfer Nr.: 4<\/div>\n<\/div>\n<div class=\"col col-sm-5\" style=\"text-align: center;\"><img loading=\"lazy\" decoding=\"async\" width=\"233\" height=\"300\" class=\"alignnone size-medium wp-image-48\" style=\"width: 50%; max-width: 200px;\" src=\"https:\/\/www.ooepvs.at\/home\/wp-content\/uploads\/2017\/10\/MG_0764-233x300.jpg\" alt=\"\" srcset=\"https:\/\/www.ooepvs.at\/home\/wp-content\/uploads\/2017\/10\/MG_0764-233x300.jpg 233w, https:\/\/www.ooepvs.at\/home\/wp-content\/uploads\/2017\/10\/MG_0764-768x987.jpg 768w, https:\/\/www.ooepvs.at\/home\/wp-content\/uploads\/2017\/10\/MG_0764-796x1024.jpg 796w\" sizes=\"auto, (max-width: 233px) 100vw, 233px\" \/><img loading=\"lazy\" decoding=\"async\" width=\"300\" height=\"300\" class=\"alignnone size-medium wp-image-121\" style=\"width: 30%; max-width: 150px; margin: 10px;\" src=\"https:\/\/www.ooepvs.at\/home\/wp-content\/uploads\/2017\/10\/StempelNoestlinger-300x300.png\" alt=\"\" srcset=\"https:\/\/www.ooepvs.at\/home\/wp-content\/uploads\/2017\/10\/StempelNoestlinger-300x300.png 300w, https:\/\/www.ooepvs.at\/home\/wp-content\/uploads\/2017\/10\/StempelNoestlinger-150x150.png 150w, https:\/\/www.ooepvs.at\/home\/wp-content\/uploads\/2017\/10\/StempelNoestlinger-100x100.png 100w, https:\/\/www.ooepvs.at\/home\/wp-content\/uploads\/2017\/10\/StempelNoestlinger.png 713w\" sizes=\"auto, (max-width: 300px) 100vw, 300px\" \/><\/div>\n<\/div>\n<hr \/>\n<div class=\"row\">\n<div class=\"col col-sm-7\">\n<h2>G\u00fcnther Graser<\/h2>\n<p>M. Zeillerstra\u00dfe 1<br \/>\nA-3311 Zeillern<br \/>\nTel: +43 664 3552305<br \/>\ne-mail: <a href=\"mailto:boote.graser@aon.at\" target=\"_blank\" rel=\"noopener noreferrer\">boote.graser@aon.at <\/a><\/p>\n<p>FB-I, FB-II, FB-III<br \/>\n<img loading=\"lazy\" decoding=\"async\" width=\"300\" height=\"147\" class=\"alignnone size-medium wp-image-41\" style=\"max-height: 50px; max-width: 50px; margin: 10px;\" src=\"https:\/\/www.ooepvs.at\/home\/wp-content\/uploads\/2017\/10\/1280px-Speedboat_symbol.svg_-300x147.png\" alt=\"\" srcset=\"https:\/\/www.ooepvs.at\/home\/wp-content\/uploads\/2017\/10\/1280px-Speedboat_symbol.svg_-300x147.png 300w, https:\/\/www.ooepvs.at\/home\/wp-content\/uploads\/2017\/10\/1280px-Speedboat_symbol.svg_-768x376.png 768w, https:\/\/www.ooepvs.at\/home\/wp-content\/uploads\/2017\/10\/1280px-Speedboat_symbol.svg_-1024x502.png 1024w, https:\/\/www.ooepvs.at\/home\/wp-content\/uploads\/2017\/10\/1280px-Speedboat_symbol.svg_.png 1280w\" sizes=\"auto, (max-width: 300px) 100vw, 300px\" \/><\/p>\n<div>Pr\u00fcfer Nr.: 5<\/div>\n<\/div>\n<div class=\"col col-sm-5\" style=\"text-align: center;\"><img decoding=\"async\" class=\"alignnone size-medium wp-image-48\" style=\"width: 50%; max-width: 200px;\" src=\"https:\/\/www.ooepvs.at\/home\/wp-content\/uploads\/2020\/06\/GraserGuether1.jpg\" alt=\"\" \/><img decoding=\"async\" class=\"alignnone size-medium wp-image-121\" style=\"width: 30%; max-width: 150px; margin: 10px;\" src=\"https:\/\/www.ooepvs.at\/home\/wp-content\/uploads\/2020\/06\/StempelGraser.png\" alt=\"\" \/><\/div>\n<\/div>\n","protected":false},"excerpt":{"rendered":"<p>Der O\u00d6PVS f\u00fchrt K\u00fcstenpatent-Pr\u00fcfungen f\u00fcr alle Fahrtbereiche f\u00fcr Segel- und Motoryachten durch. Der Wirkungsbereich des O\u00d6PVS ist ganz \u00d6sterreich. Alle gemeinn\u00fctzige Vereine, gewerbliche Bildungsst\u00e4tten und sonstige Personen k\u00f6nnen bei uns Pr\u00fcfungen f\u00fcr Hochseepatente (FB 1 bis 4 Motor und Segeln) beantragen bzw. mit den Pr\u00fcferInnen vereinbaren. Nach erfolgreicher Pr\u00fcfung bekommen Sie die Yachtmaster-License for Operators &hellip; <\/p>\n<p class=\"link-more\"><a href=\"https:\/\/www.ooepvs.at\/home\/index.php\/der-verband\/\" class=\"more-link\"><span class=\"screen-reader-text\">\u201eDer Verband\u201c<\/span> weiterlesen<\/a><\/p>\n","protected":false},"author":1,"featured_media":75,"parent":0,"menu_order":0,"comment_status":"closed","ping_status":"closed","template":"","meta":{"footnotes":""},"class_list":["post-67","page","type-page","status-publish","has-post-thumbnail","hentry"],"_links":{"self":[{"href":"https:\/\/www.ooepvs.at\/home\/index.php\/wp-json\/wp\/v2\/pages\/67","targetHints":{"allow":["GET"]}}],"collection":[{"href":"https:\/\/www.ooepvs.at\/home\/index.php\/wp-json\/wp\/v2\/pages"}],"about":[{"href":"https:\/\/www.ooepvs.at\/home\/index.php\/wp-json\/wp\/v2\/types\/page"}],"author":[{"embeddable":true,"href":"https:\/\/www.ooepvs.at\/home\/index.php\/wp-json\/wp\/v2\/users\/1"}],"replies":[{"embeddable":true,"href":"https:\/\/www.ooepvs.at\/home\/index.php\/wp-json\/wp\/v2\/comments?post=67"}],"version-history":[{"count":39,"href":"https:\/\/www.ooepvs.at\/home\/index.php\/wp-json\/wp\/v2\/pages\/67\/revisions"}],"predecessor-version":[{"id":295,"href":"https:\/\/www.ooepvs.at\/home\/index.php\/wp-json\/wp\/v2\/pages\/67\/revisions\/295"}],"wp:featuredmedia":[{"embeddable":true,"href":"https:\/\/www.ooepvs.at\/home\/index.php\/wp-json\/wp\/v2\/media\/75"}],"wp:attachment":[{"href":"https:\/\/www.ooepvs.at\/home\/index.php\/wp-json\/wp\/v2\/media?parent=67"}],"curies":[{"name":"wp","href":"https:\/\/api.w.org\/{rel}","templated":true}]}}