
{"id":65,"date":"2017-10-28T00:45:08","date_gmt":"2017-10-27T22:45:08","guid":{"rendered":"http:\/\/www.ooepvs.at\/home\/?page_id=65"},"modified":"2023-02-01T15:22:49","modified_gmt":"2023-02-01T14:22:49","slug":"statuten","status":"publish","type":"page","link":"https:\/\/www.ooepvs.at\/home\/index.php\/statuten\/","title":{"rendered":"Statuten"},"content":{"rendered":"<p><span style=\"font-family: Times New Roman,serif;\"><span style=\"font-size: medium;\"><strong>O.\u00d6. Pr\u00fcfungsverband f\u00fcr Seefahrt<\/strong><\/span><\/span><\/p>\n<p><span style=\"font-family: Times New Roman,serif;\"><span style=\"font-size: medium;\"><strong>\u00a7 1 Name und Sitz<\/strong><br \/>\nO.\u00d6. Pr\u00fcfungsverband f\u00fcr Seefahrt 2525 Sch\u00f6nau\/Triesting, Karl-Spies-Stra\u00dfe 1\/3<br \/>\n<\/span><\/span><\/p>\n<p><span style=\"font-family: Times New Roman,serif;\"><span style=\"font-size: medium;\"><strong>\u00a7 2 Zweck<\/strong><br \/>\nDas Ziel des Verbandes ist, den Segel &amp; Motorbootsport zu f\u00f6rdern. Der O\u00d6PVS verfolgt gemeinn\u00fctzige Zwecke. Der Verband wird ohne jedes Gewinnstreben gef\u00fchrt. Der Verband h\u00e4lt Pr\u00fcfungen f\u00fcr das K\u00fcstenpatent ab.<br \/>\nPr\u00fcfungen f\u00fcr den Fahrtbereich I II &amp; III &amp; IV Segeln<br \/>\nPr\u00fcfungen f\u00fcr den Fahrtbereich I II &amp; III &amp; IV Motor<br \/>\nUmschreibungen von Ausl\u00e4ndischen Scheinen<br \/>\nAusstellen der Scheine<br \/>\nAbhalten von Pr\u00fcfungen und Ausstellen von anderen Scheinen soweit dies von der \u00f6sterreichischen Gesetzeslage gedeckt ist.<\/span><\/span><\/p>\n<p><span style=\"font-family: Times New Roman,serif;\"><span style=\"font-size: medium;\"><strong>\u00a7 3 Eink\u00fcnfte<\/strong><br \/>\nDie Mittel zur Bestreitung der aus dem Verbandszweck sich ergebenden Auslagen werden aufgebracht durch: Einschreibgeb\u00fchren, Jahresmitgliedsbeitr\u00e4ge, Pr\u00fcfungsgeb\u00fchren, Ausstellungsgeb\u00fchren, Umschreibgeb\u00fchren, Sponsorgelder, Werbung, Spenden, Verkauf von Verbandsartikel.<br \/>\nDie H\u00f6he der Beitr\u00e4ge und Geb\u00fchren wie in der Gesch\u00e4ftsordnung festgehalten.<\/span><\/span><\/p>\n<p><span style=\"font-family: Times New Roman,serif;\"><span style=\"font-size: medium;\"><strong>\u00a7 4 Die Mitgliedschaft<\/strong><br \/>\nDer Verband gliedert sich in: a) Ehrenmitglieder b) Ordentliche Mitglieder<\/span><\/span><\/p>\n<p><span style=\"font-family: Times New Roman,serif;\"><span style=\"font-size: medium;\"><strong>\u00a75 Die Organe des Verbandes:<\/strong><br \/>\n1. die Verbandsleitung<br \/>\n2. die Vollversammlung<\/span><\/span><\/p>\n<p><span style=\"font-family: Times New Roman,serif;\"><span style=\"font-size: medium;\">\u00a7 6 Die Verbandsleitung besteht aus folgenden Funktion\u00e4ren:<br \/>\na) Obmann<br \/>\nb) Schriftf\u00fchrer<br \/>\nc) Kassier<br \/>\nd) F\u00fchrerscheinreferent<\/span><\/span><\/p>\n<p><span style=\"font-family: Times New Roman,serif;\"><span style=\"font-size: medium;\"><strong>\u00a7 7 Verbands-Stellvertreter:<\/strong><br \/>\na) Kassier Stellvertreter<br \/>\nb) Schriftf\u00fchrer- Stellvertreter<br \/>\nc) Rechnungspr\u00fcfer<\/span><\/span><\/p>\n<p><span style=\"font-family: Times New Roman,serif;\"><span style=\"font-size: medium;\"><strong>\u00a7 8 Aufgaben der Funktion\u00e4re:<\/strong><br \/>\n1. Der Obmann vertritt den Verband nach au\u00dfen, beruft ein und leitet die Versammlungen sowie Verbandssitzungen.<br \/>\n2. Der Obmann-Stellvertreter vertritt den Pr\u00e4sidenten und vertritt ihn bei Verhinderung.<br \/>\n3. Der Schriftf\u00fchrer f\u00fchrt das Protokoll bei der Vollversammlung.<br \/>\n4. Der Kassier besorgt die Geldgebarung sowie die Verm\u00f6gensverwaltung nach den Richtlinien des Verbandes.<br \/>\n5. Der F\u00fchrerscheinreferent ist zust\u00e4ndig f\u00fcr alle Patentangelegenheiten.<br \/>\n6. Der Rechnungspr\u00fcfer hat die finanzielle Gebarung des Verbandes zu pr\u00fcfen und der Jahresvoll-versammlung Bericht zu erstatten.<\/span><\/span><\/p>\n<p><span style=\"font-family: Times New Roman,serif;\"><span style=\"font-size: medium;\"><strong>\u00a79 Aufgabenbereich der Verbandsleitung:<\/strong><br \/>\nDie Verbandsleitung entscheidet in allen Angelegenheiten die nicht ausschlie\u00dflich der Beschlussfassung einer Vollversammlung vorbehalten sind.<br \/>\nDer Verbandsleitung obliegt vor allem der Vollzug der Versammlungsbeschl\u00fcsse. Sie ist berechtigt, im Namen des Verbandes Verbindlichkeiten einzugehen, Rechtsstreitigkeiten zu f\u00fchren, Vergleiche zu schlie\u00dfen, alle Geldangelegenheiten zu regeln, Geld oder Geldeswert in Empfang zu nehmen und dar\u00fcber rechtsg\u00fcltige Best\u00e4tigungen auszustellen.<br \/>\nEntscheidungen \u00fcber An- und Verkauf von Verbandseigentum, Miet- uns Pachtangelegenheiten zu treffen sowie die Gesch\u00e4ftsordnung zu erlassen und Ehrenzeichen zu vergeben.<br \/>\nDie Sitzung der Verbandsleitung findet nach bedarf statt. Die H\u00f6he der Beitr\u00e4ge wird von der Verbandsleitung in der Gesch\u00e4ftsordnung festgelegt.<\/span><\/span><\/p>\n<p><span style=\"font-family: Times New Roman,serif;\"><span style=\"font-size: medium;\"><strong>\u00a7 10 Aufgabenbereich der Vollversammlung:<\/strong><br \/>\nEs findet alle 2 Jahre eine Vollversammlung statt, sp\u00e4testens bis 31. M\u00e4rz des darauffolgenden Jahres.<br \/>\nDie Verbandsleitung kann n\u00f6tigenfalls jederzeit eine Vollversammlung einberufen.<br \/>\n1\/10 tel der Mitglieder k\u00f6nnen ebenfalls eine au\u00dferordentliche Vollversammlung einberufen.<br \/>\nAlle Stimmberechtigten sind sp\u00e4testens 14 Tage vor der Vollversammlung schriftlich einzuladen.<br \/>\nIn jeder zweiten ordentlichen Vollversammlung wird die Verbandsleitung mit einfacher Stimmenmehrheit auf die Dauer von 4 Jahren gew\u00e4hlt.<br \/>\nDer Vollversammlung obliegt weiters die Beschlussfassung \u00fcber ein und Austritte bei anderen Verb\u00e4nden, Statuten\u00e4nderungen, Ernennungen.<br \/>\nIn der ordentlichen Vollversammlung gibt der Obmann einen Bericht \u00fcber die abgelaufene Periode die Verbandsfunktion\u00e4re erg\u00e4nzen ihn durch ihre T\u00e4tigkeitsberichte.<\/span><\/span><\/p>\n<p><span style=\"font-family: Times New Roman,serif;\"><span style=\"font-size: medium;\"><strong>\u00a7 11 Beschlussfassung:<\/strong><br \/>\n1. Verbandsleitung<br \/>\nZur Beschlussfassung ist die Anwesenheit des Obmanns oder dessen Stellvertreters sowie die H\u00e4lfte der Verbandsleitungsmitglieder erforderlich. Beschl\u00fcsse werden mit einfacher Stimmenmehrheit gefasst. Der Obmann hat mitzustimmen und es gilt bei Stimmengleichheit die Ansicht des Obmannes.<\/span><\/span><\/p>\n<p><span style=\"font-family: Times New Roman,serif;\"><span style=\"font-size: medium;\"><strong>2. Vollversammlung<\/strong><br \/>\nZur Beschlussfassung jeder Vollversammlung ist die Anwesenheit eines Drittels der Stimmberechtigten erforderlich. Nur Anwesende sind Stimmberechtigt.<br \/>\nF\u00fcr die Vollversammlung gilt: Wenn diese wegen zu geringer Beteiligung nicht beschlussf\u00e4hig ist, so ist um eine halbe Stunde zu vertagen und nach Ablauf dieser Zeit ist die neue Versammlung in jedem Fall beschlussf\u00e4hig. Es gilt einfache Stimmenmehrheit.<\/span><\/span><\/p>\n<p><span style=\"font-family: Times New Roman,serif;\"><span style=\"font-size: medium;\"><strong>\u00a7 12 Mitgliederaufnahme:<\/strong><br \/>\nDie Aufnahme von Mitgliedern wird von der Verbandsleitung beschlossen. Jedes Neumitglied hat die Statuten und die Gesch\u00e4ftsordnung anzuerkennen..<\/span><\/span><\/p>\n<p><span style=\"font-family: Times New Roman,serif;\"><span style=\"font-size: medium;\"><strong>\u00a7 13 Ehrenmitgliedschaft:<\/strong><br \/>\nDie Ernennung zum Ehrenobmann \/ Ehrenmitglied, welche nur auf grund besonderer Verdienste um den Verband erfolgt, geschieht durch Beschluss der Vollversammlung.<\/span><\/span><\/p>\n<p><span style=\"font-family: Times New Roman,serif;\"><span style=\"font-size: medium;\"><strong>\u00a7 14 Ordentliches Mitglied:<\/strong><br \/>\nkann jede Person oder Juridische Person werden, die einer Bewilligten Schiffsf\u00fchrerschule angeh\u00f6rt (Segel oder Motor), oder Personen, die im Verband t\u00e4tig werden wollen. \u00dcber die Aufnahme entscheidet die Verbandsleitung mit einfacher Stimmenmehrheit.<\/span><\/span><\/p>\n<p><span style=\"font-family: Times New Roman,serif;\"><span style=\"font-size: medium;\"><strong>\u00a7 15 Rechte und Pflichten der Mitglieder:<\/strong><br \/>\nMitglieder sind laut Gesch\u00e4ftsordnung berechtigt, die Einrichtungen des Verbandes zu n\u00fctzen. Mitglieder sind verpflichtet, Statuten und Gesch\u00e4ftsordnung zu beachten, das Ansehen des Verbandes zu vermehren und Sch\u00e4digungen jeder Art zu vermeiden.<\/span><\/span><\/p>\n<p><span style=\"font-family: Times New Roman,serif;\"><span style=\"font-size: medium;\"><strong>\u00a7 16 Stimmrecht und W\u00e4hlbarkeit:<\/strong><br \/>\nStimmberechtigt und W\u00e4hlbar sind nur ordentliche Mitglieder.<\/span><\/span><\/p>\n<p><span style=\"font-family: Times New Roman,serif;\"><span style=\"font-size: medium;\"><strong>\u00a7 17 Stillschweigend:<\/strong><br \/>\nwenn ein Mitglied mit seinem Beitrag im R\u00fcckstand ist, kann die Verbandsleitung die Streichung aus der Mitgliederliste veranlassen. F\u00fcr offene Betr\u00e4ge bleibt das Mitglied haftbar.<\/span><\/span><\/p>\n<p><span style=\"font-family: Times New Roman,serif;\"><span style=\"font-size: medium;\"><strong>\u00a7 18 Ausschluss<\/strong><br \/>\nkann nur durch die Verbandsleitung ausgesprochen werden. Ausschlussgr\u00fcnde sind: unehrenhaftes Verhalten, verbandssch\u00e4digendes Benehmen, Vergehen gegen die Statuten oder Gesch\u00e4ftsordnung.<\/span><\/span><\/p>\n<p><span style=\"font-family: Times New Roman,serif;\"><span style=\"font-size: medium;\"><strong>\u00a7 19 Haftung<\/strong><br \/>\nJedes Mitglied ist f\u00fcr von ihm verursachte Sch\u00e4den an Verbandseigentum haftbar.<br \/>\nDie Verbandsleitung \u00fcbernimmt keinerlei Haftung f\u00fcr irgendwelche Sch\u00e4den an Personen oder Gegenst\u00e4nden<\/span><\/span><\/p>\n<p><span style=\"font-family: Times New Roman,serif;\"><span style=\"font-size: medium;\"><strong>\u00a7 20 Schiedsgericht:<\/strong><br \/>\naus dem Verbandsverh\u00e4ltnis entstehende Streitigkeiten werden von einem aus 3 Personen bestehendem Schiedsgericht geschlichtet.<br \/>\nDiese Personen sind 2 Verbandsmitglieder, der Obmann, oder Obmann-Stellvertreter sowie je ein Vertreter der streitenden Parteien.<br \/>\nDer Obmann leitet die Verhandlung und entscheidet nur bei Stimmengleichheit durch seine Stimme.<br \/>\nSchiedsspr\u00fcche werden durch Stimmenmehrheit entschieden.<\/span><\/span><\/p>\n<p><span style=\"font-family: Times New Roman,serif;\"><span style=\"font-size: medium;\"><strong>\u00a7 21 Gesch\u00e4ftsordnung:<\/strong><br \/>\nDie Gesch\u00e4ftsordnung regelt alle verbandsinternen Angelegenheiten, soweit sie nicht in den Statuten festgehalten sind. Die Gesch\u00e4ftsordnung wird durch die Verbandsleitung beschlossen und kann mit einfacher Mehrheit von dieser ge\u00e4ndert werden.<\/span><\/span><\/p>\n<p><span style=\"font-family: Times New Roman,serif;\"><span style=\"font-size: medium;\"><strong>\u00a7 22 Aufl\u00f6sung des Verbandes<\/strong><br \/>\n\u00fcber die Aufl\u00f6sung des Verbandes entscheidet zu diesem Zweck einberufene Vollversammlung. Ein Aufl\u00f6sungsbeschluss kann nur durch eine 4 F\u00fcnftel Mehrheit der anwesenden Mitglieder gefasst werden. Das verbleibende Verbandsverm\u00f6gen darf nur gemeinn\u00fctzigen K\u00f6rperschaften oder Institutionen zugef\u00fchrt werden.<\/span><\/span><\/p>\n","protected":false},"excerpt":{"rendered":"<p>O.\u00d6. Pr\u00fcfungsverband f\u00fcr Seefahrt \u00a7 1 Name und Sitz O.\u00d6. Pr\u00fcfungsverband f\u00fcr Seefahrt 2525 Sch\u00f6nau\/Triesting, Karl-Spies-Stra\u00dfe 1\/3 \u00a7 2 Zweck Das Ziel des Verbandes ist, den Segel &amp; Motorbootsport zu f\u00f6rdern. Der O\u00d6PVS verfolgt gemeinn\u00fctzige Zwecke. Der Verband wird ohne jedes Gewinnstreben gef\u00fchrt. Der Verband h\u00e4lt Pr\u00fcfungen f\u00fcr das K\u00fcstenpatent ab. Pr\u00fcfungen f\u00fcr den Fahrtbereich &hellip; <\/p>\n<p class=\"link-more\"><a href=\"https:\/\/www.ooepvs.at\/home\/index.php\/statuten\/\" class=\"more-link\"><span class=\"screen-reader-text\">\u201eStatuten\u201c<\/span> weiterlesen<\/a><\/p>\n","protected":false},"author":1,"featured_media":0,"parent":0,"menu_order":0,"comment_status":"closed","ping_status":"closed","template":"","meta":{"footnotes":""},"class_list":["post-65","page","type-page","status-publish","hentry"],"_links":{"self":[{"href":"https:\/\/www.ooepvs.at\/home\/index.php\/wp-json\/wp\/v2\/pages\/65","targetHints":{"allow":["GET"]}}],"collection":[{"href":"https:\/\/www.ooepvs.at\/home\/index.php\/wp-json\/wp\/v2\/pages"}],"about":[{"href":"https:\/\/www.ooepvs.at\/home\/index.php\/wp-json\/wp\/v2\/types\/page"}],"author":[{"embeddable":true,"href":"https:\/\/www.ooepvs.at\/home\/index.php\/wp-json\/wp\/v2\/users\/1"}],"replies":[{"embeddable":true,"href":"https:\/\/www.ooepvs.at\/home\/index.php\/wp-json\/wp\/v2\/comments?post=65"}],"version-history":[{"count":6,"href":"https:\/\/www.ooepvs.at\/home\/index.php\/wp-json\/wp\/v2\/pages\/65\/revisions"}],"predecessor-version":[{"id":302,"href":"https:\/\/www.ooepvs.at\/home\/index.php\/wp-json\/wp\/v2\/pages\/65\/revisions\/302"}],"wp:attachment":[{"href":"https:\/\/www.ooepvs.at\/home\/index.php\/wp-json\/wp\/v2\/media?parent=65"}],"curies":[{"name":"wp","href":"https:\/\/api.w.org\/{rel}","templated":true}]}}