
{"id":63,"date":"2017-10-28T00:43:47","date_gmt":"2017-10-27T22:43:47","guid":{"rendered":"http:\/\/www.ooepvs.at\/home\/?page_id=63"},"modified":"2023-02-08T14:31:55","modified_gmt":"2023-02-08T13:31:55","slug":"pruefungsordnung","status":"publish","type":"page","link":"https:\/\/www.ooepvs.at\/home\/index.php\/pruefungsordnung\/","title":{"rendered":"Pr\u00fcfungsordnung"},"content":{"rendered":"\n<p>S\u00e4mtliche Pr\u00fcfungen werden nach der Jachtf\u00fchrung-Pr\u00fcfungsordnung-JatchtPrO BGBl II Nr. 170\/2015 durchgef\u00fchrt.<\/p>\n\n\n\n<p>Link dazu:<\/p>\n\n\n\n<p><a href=\"https:\/\/www.ris.bka.gv.at\/GeltendeFassung.wxe?Abfrage=Bundesnormen&amp;Gesetzesnummer=20009216\">https:\/\/www.ris.bka.gv.at\/GeltendeFassung.wxe?Abfrage=Bundesnormen&amp;Gesetzesnummer=20009216<\/a><\/p>\n\n\n\n<h3 class=\"wp-block-heading\">Arten der Bef\u00e4higungsausweise<\/h3>\n\n\n\n<ul class=\"wp-block-list\">\n<li>Fahrtbereich 1 &#8211; Watt- oder Tagesfahrt (3 sm &#8211; Seemeilen; max. 10 m L\u00e4nge)<\/li>\n\n\n\n<li>Fahrtbereich 2 &#8211; K\u00fcstenfahrt (20 sm)<\/li>\n\n\n\n<li>Fahrtbereich 3 &#8211; k\u00fcstennahe Fahrt (200 sm)<\/li>\n\n\n\n<li>Fahrtbereich 4 &#8211; weltweite Fahrt<\/li>\n<\/ul>\n","protected":false},"excerpt":{"rendered":"<p>S\u00e4mtliche Pr\u00fcfungen werden nach der Jachtf\u00fchrung-Pr\u00fcfungsordnung-JatchtPrO BGBl II Nr. 170\/2015 durchgef\u00fchrt. Link dazu: https:\/\/www.ris.bka.gv.at\/GeltendeFassung.wxe?Abfrage=Bundesnormen&amp;Gesetzesnummer=20009216 Arten der Bef\u00e4higungsausweise<\/p>\n","protected":false},"author":1,"featured_media":0,"parent":0,"menu_order":0,"comment_status":"closed","ping_status":"closed","template":"","meta":{"footnotes":""},"class_list":["post-63","page","type-page","status-publish","hentry"],"_links":{"self":[{"href":"https:\/\/www.ooepvs.at\/home\/index.php\/wp-json\/wp\/v2\/pages\/63","targetHints":{"allow":["GET"]}}],"collection":[{"href":"https:\/\/www.ooepvs.at\/home\/index.php\/wp-json\/wp\/v2\/pages"}],"about":[{"href":"https:\/\/www.ooepvs.at\/home\/index.php\/wp-json\/wp\/v2\/types\/page"}],"author":[{"embeddable":true,"href":"https:\/\/www.ooepvs.at\/home\/index.php\/wp-json\/wp\/v2\/users\/1"}],"replies":[{"embeddable":true,"href":"https:\/\/www.ooepvs.at\/home\/index.php\/wp-json\/wp\/v2\/comments?post=63"}],"version-history":[{"count":7,"href":"https:\/\/www.ooepvs.at\/home\/index.php\/wp-json\/wp\/v2\/pages\/63\/revisions"}],"predecessor-version":[{"id":307,"href":"https:\/\/www.ooepvs.at\/home\/index.php\/wp-json\/wp\/v2\/pages\/63\/revisions\/307"}],"wp:attachment":[{"href":"https:\/\/www.ooepvs.at\/home\/index.php\/wp-json\/wp\/v2\/media?parent=63"}],"curies":[{"name":"wp","href":"https:\/\/api.w.org\/{rel}","templated":true}]}}