
{"id":53,"date":"2017-10-28T00:22:39","date_gmt":"2017-10-27T22:22:39","guid":{"rendered":"http:\/\/www.ooepvs.at\/home\/?page_id=53"},"modified":"2023-02-01T15:17:30","modified_gmt":"2023-02-01T14:17:30","slug":"impressum","status":"publish","type":"page","link":"https:\/\/www.ooepvs.at\/home\/index.php\/impressum\/","title":{"rendered":"Impressum"},"content":{"rendered":"<style>\nbody {<br \/>\nfont-size:1.5em;<br \/>\n}<br \/>\n<\/style>\n<div class=\"row\">\n<div class=\"col col-sm-8\">\n<h1>Ober-\u00d6sterreichischer Pr\u00fcfungsverband f\u00fcr Seefahrt (O\u00d6PVS)<\/h1>\n<p>Karl-Spies-Stra\u00dfe 1\/3<br \/>\n2525 Sch\u00f6nau\/Triesting<br \/>\ne.mail: <a href=\"mailto:office@ooepvs.at\" target=\"_blank\" rel=\"noopener noreferrer\">office@ooepvs.at<\/a><\/p>\n<p>ZVR Nummer: 1260159122<br \/>\nTexte: O\u00d6PVS<\/p>\n<p>Fotos:<br \/>\nHarald Schmid<\/p>\n<p>Gestaltung der Website:<br \/>\n<a href=\"https:\/\/www.psm-schmid.at\" target=\"_blank\" rel=\"noopener noreferrer\">psm-schmid e.U., Fickeysstra\u00dfe 5, A-1110 Wien<\/a><\/p>\n<\/div>\n<div class=\"col col-sm-4\"><img decoding=\"async\" style=\"width: 80%; max-height: 250px;\" src=\"https:\/\/www.ooepvs.at\/home\/wp-content\/uploads\/2017\/10\/OOEPVS-Logos_dkbg1.png\" \/><\/div>\n<\/div>\n<hr \/>\n<h1>Vorstand<\/h1>\n<hr \/>\n<div class=\"row\">\n<div class=\"col col-sm-8\"><\/div>\n<\/div>\n<div class=\"row\">\n<div class=\"col col-sm-8\">\n<h2>Obmann<\/h2>\n<p>Herr Robert Michl<br \/>\nKarl Spies-Str. 1\/3<br \/>\n2525 Sch\u00f6nau an der Triesting<\/p>\n<p>Geb.: 12.10.1969<br \/>\nOrt: Wien<\/p>\n<p>e-mail: <a href=\"mailto:robert.michl@ooepvs.at\" target=\"_blank\" rel=\"noopener noreferrer\">robert.michl@ooepvs.at<\/a><\/p>\n<\/div>\n<div class=\"col col-sm-4\"><img decoding=\"async\" class=\"alignnone size-full wp-image-90\" style=\"width: 80%; max-width: 250px;\" src=\"https:\/\/www.ooepvs.at\/home\/wp-content\/uploads\/2017\/10\/DSC0112-681x1024.jpg\" alt=\"\" \/><\/div>\n<\/div>\n<hr \/>\n<div class=\"row\">\n<div class=\"col col-sm-8\">\n<h2>Kassier, Schriftf\u00fchrer und F\u00fchrerscheinreferent See<\/h2>\n<\/div>\n<\/div>\n<div class=\"row\">\n<div class=\"col col-sm-8\">\n<p>Herr Harald Schmid MBA<br \/>\nFickeysstrasse 5\/1<br \/>\n1110 Wien<\/p>\n<p>Geb.: 16.08.1973<br \/>\nOrt: Tulln Nieder\u00f6sterreich<\/p>\n<p>e-mail: <a href=\"mailto:harald.schmid@ooepvs.at\" target=\"_blank\" rel=\"noopener noreferrer\">harald.schmid@ooepvs.at<\/a><\/p>\n<\/div>\n<div class=\"col col-sm-4\"><img decoding=\"async\" class=\"alignnone size-full wp-image-93\" style=\"width: 80%; max-width: 250px;\" src=\"https:\/\/www.ooepvs.at\/home\/wp-content\/uploads\/2017\/10\/Schmid-681x1024.jpg\" alt=\"\" \/><\/div>\n<\/div>\n<hr \/>\n<div class=\"row\">\n<div class=\"col col-sm-8\">\n<h2>Rechnungspr\u00fcfer<\/h2>\n<p>Herr Norbert Kaiser<br \/>\nTomerlweg 31a\/6<br \/>\n4800 Attnang-Puchheim<\/p>\n<p>Geb.:08.08.1950<br \/>\nOrt: V\u00f6cklabruck<\/p>\n<p>e-mail: <a href=\"mailto:kaisno@gmx.at\" target=\"_blank\" rel=\"noopener noreferrer\">kaisno@gmx.at<\/a><\/p>\n<\/div>\n<div class=\"col col-sm-4\"><\/div>\n<\/div>\n","protected":false},"excerpt":{"rendered":"<p>Ober-\u00d6sterreichischer Pr\u00fcfungsverband f\u00fcr Seefahrt (O\u00d6PVS) Karl-Spies-Stra\u00dfe 1\/3 2525 Sch\u00f6nau\/Triesting e.mail: office@ooepvs.at ZVR Nummer: 1260159122 Texte: O\u00d6PVS Fotos: Harald Schmid Gestaltung der Website: psm-schmid e.U., Fickeysstra\u00dfe 5, A-1110 Wien Vorstand Obmann Herr Robert Michl Karl Spies-Str. 1\/3 2525 Sch\u00f6nau an der Triesting Geb.: 12.10.1969 Ort: Wien e-mail: robert.michl@ooepvs.at Kassier, Schriftf\u00fchrer und F\u00fchrerscheinreferent See Herr Harald Schmid &hellip; <\/p>\n<p class=\"link-more\"><a href=\"https:\/\/www.ooepvs.at\/home\/index.php\/impressum\/\" class=\"more-link\"><span class=\"screen-reader-text\">\u201eImpressum\u201c<\/span> weiterlesen<\/a><\/p>\n","protected":false},"author":1,"featured_media":0,"parent":0,"menu_order":0,"comment_status":"closed","ping_status":"closed","template":"","meta":{"footnotes":""},"class_list":["post-53","page","type-page","status-publish","hentry"],"_links":{"self":[{"href":"https:\/\/www.ooepvs.at\/home\/index.php\/wp-json\/wp\/v2\/pages\/53","targetHints":{"allow":["GET"]}}],"collection":[{"href":"https:\/\/www.ooepvs.at\/home\/index.php\/wp-json\/wp\/v2\/pages"}],"about":[{"href":"https:\/\/www.ooepvs.at\/home\/index.php\/wp-json\/wp\/v2\/types\/page"}],"author":[{"embeddable":true,"href":"https:\/\/www.ooepvs.at\/home\/index.php\/wp-json\/wp\/v2\/users\/1"}],"replies":[{"embeddable":true,"href":"https:\/\/www.ooepvs.at\/home\/index.php\/wp-json\/wp\/v2\/comments?post=53"}],"version-history":[{"count":20,"href":"https:\/\/www.ooepvs.at\/home\/index.php\/wp-json\/wp\/v2\/pages\/53\/revisions"}],"predecessor-version":[{"id":297,"href":"https:\/\/www.ooepvs.at\/home\/index.php\/wp-json\/wp\/v2\/pages\/53\/revisions\/297"}],"wp:attachment":[{"href":"https:\/\/www.ooepvs.at\/home\/index.php\/wp-json\/wp\/v2\/media?parent=53"}],"curies":[{"name":"wp","href":"https:\/\/api.w.org\/{rel}","templated":true}]}}