
{"id":285,"date":"2022-08-25T18:58:19","date_gmt":"2022-08-25T16:58:19","guid":{"rendered":"https:\/\/www.ooepvs.at\/home\/?page_id=285"},"modified":"2023-02-01T15:12:10","modified_gmt":"2023-02-01T14:12:10","slug":"datenschutz","status":"publish","type":"page","link":"https:\/\/www.ooepvs.at\/home\/index.php\/datenschutz\/","title":{"rendered":"Datenschutz"},"content":{"rendered":"\n<h2 class=\"wp-block-heading\">Datenschutzerkl\u00e4rung<\/h2>\n\n\n\n<p>Vielen Dank f\u00fcr Ihr Interesse an unserem Onlineauftritt. Der Schutz Ihrer pers\u00f6nlichen Daten liegt uns sehr am Herzen. An dieser Stelle m\u00f6chten wir Sie daher \u00fcber den Datenschutz in unserem Unternehmen informieren. Selbstverst\u00e4ndlich beachten wir die gesetzlichen Bestimmungen des Datenschutzgesetzes (DSG2000, EUDSGVO) des Telekommunikations-gesetzes (TKG) und anderer datenschutzrechtlicher Bestimmungen.<\/p>\n\n\n\n<p>Bei Ihren pers\u00f6nlichen Daten k\u00f6nnen Sie uns vertrauen! Sie werden durch digitale Sicherheitssysteme verschl\u00fcsselt und an uns \u00fcbertragen. Unsere Webseiten sind durch technische Ma\u00dfnahmen gegen Besch\u00e4digungen, Zerst\u00f6rung oder unberechtigten Zugriff gesch\u00fctzt.<\/p>\n\n\n\n<h2 class=\"wp-block-heading\">Gegenstand des Datenschutzes<\/h2>\n\n\n\n<p>Gegenstand des Datenschutzes sind personenbezogene Daten. Diese sind nach EUDSGVO Einzelangaben \u00fcber pers\u00f6nliche oder sachliche Verh\u00e4ltnisse einer bestimmten oder bestimmbaren nat\u00fcrlichen Person. Hierunter fallen z. B. Angaben wie Name, Post-Adresse, E-Mail-Adresse oder Telefonnummer, ggf. aber auch Nutzungsdaten wie Ihre IP-Adresse.<\/p>\n\n\n\n<h2 class=\"wp-block-heading\">Umfang der Datenerhebung und -speicherung<\/h2>\n\n\n\n<p>Im Allgemeinen ist es f\u00fcr die Nutzung unserer Internetseite nicht erforderlich, dass Sie personenbezogene Daten angeben. Damit wir unsere Dienstleistungen aber tats\u00e4chlich erbringen k\u00f6nnen, ben\u00f6tigen wir ggf. Ihre personenbezogenen Daten. Dies gilt vor allem f\u00fcr die Beantwortung individueller Anfragen.<\/p>\n\n\n\n<p>Wenn Sie uns mit der Erbringung einer Dienstleistung beauftragen, erheben und speichern wir Ihre pers\u00f6nlichen Daten grunds\u00e4tzlich nur, soweit es f\u00fcr die Erbringung der Dienstleistung oder die Durchf\u00fchrung des Auftrages notwendig ist.<\/p>\n\n\n\n<p>BESCHREIBUNG DER ERHOBENEN DATENARTEN: Vorname, Nachname, Postadresse, Telefonnummer, Geburtsdatum\/Geburtsort, Email Adresse.<\/p>\n\n\n\n<p>Eine Weitergabe Ihrer pers\u00f6nlichen Daten an Dritte erfolgt ohne Ihre ausdr\u00fcckliche Einwilligung nicht, sofern dies nicht zur Erbringung der Dienstleistung oder zur Vertragsdurchf\u00fchrung notwendig ist (wie oben angegeben). Auch die \u00dcbermittlung an auskunftsberechtigte staatliche Institution und Beh\u00f6rden erfolgt nur im Rahmen der gesetzlichen Auskunftspflichten oder wenn wir durch eine gerichtliche Entscheidung zur Auskunft verpflichtet werden. In letzterem Fall werden die Betroffenen \u00fcber die \u00dcbermittlung der Daten umgehend informiert.<\/p>\n\n\n\n<p>Nach vollst\u00e4ndiger Vertragsabwicklung werden Ihre Daten nach Ablauf des Verwendungszweckes und der steuer- und handelsrechtlichen Aufbewahrungsvorschriften gel\u00f6scht, sofern Sie nicht ausdr\u00fccklich einer dar\u00fcber hinausgehende Datenverwendung zugestimmt haben (siehe L\u00f6schunganrecht).<\/p>\n\n\n\n<p>Wenn Sie sich mit Ihrer E-Mail-Adresse f\u00fcr unseren Newsletter angemeldet haben, nutzen wir Ihre E- Mail-Adresse auch \u00fcber die Vertragsdurchf\u00fchrung hinaus f\u00fcr eigene Werbezwecke, bis Sie sich vom Newsletter-Bezug abmelden.<\/p>\n\n\n\n<p>Wenn Sie nicht m\u00f6chten, dass Ihre Websiteaktivit\u00e4ten von Google Analytics aufgezeichnet werden, k\u00f6nnen Sie das Browser-Add-on zur Deaktivierung von Google Analytics installieren. So wird verhindert, dass \u00fcber das auf Websites ausgef\u00fchrte JavaScript (ga.js, analytics.js und dc.js) Aktivit\u00e4tsdaten mit Google Analytics geteilt werden.<\/p>\n\n\n\n<p>Selbstverst\u00e4ndlich k\u00f6nnen Sie unsere Websites auch ohne Cookies betrachten. Sie k\u00f6nnen das Speichern von Cookies auf Ihrer Festplatte verhindern, indem Sie in Ihren Browser-Einstellungen &#8222;keine Cookies akzeptieren&#8220; w\u00e4hlen. Wie das im Einzelnen funktioniert, entnehmen Sie bitte der Bedienungsanleitung oder der Hilfefunktion Ihres Browsers. Wenn Sie keine Cookies akzeptieren, kann dieses aber zu gewissen Funktionseinschr\u00e4nkungen f\u00fchren.<\/p>\n\n\n\n<h2 class=\"wp-block-heading\">Erhebung und Speicherung von Nutzungsdaten<\/h2>\n\n\n\n<p>Zur Optimierung unserer Webseite sammeln und speichern wir Daten wie z. B. Datum und Uhrzeit des Seitenaufrufs oder die Seite, von der Sie unsere Seite aufgerufen haben. Dies erfolgt anonymisiert, ohne den Benutzer der Seite pers\u00f6nlich zu identifizieren. Unter Umst\u00e4nden werden Nutzerprofile mittels eines Pseudonyms erstellt. Auch hierbei erfolgt keine Verbindung zwischen der hinter dem Pseudonym stehenden nat\u00fcrlichen Personen mit den erhobenen Nutzungsdaten. Diese Daten erheben wir ausschlie\u00dflich zu statistischen Zwecken, um unseren Internetauftritt weiter zu optimieren und unsere Internetangebote noch attraktiver gestalten zu k\u00f6nnen. Die Erhebung und Speicherung erfolgt ausschlie\u00dflich in anonymisierter oder pseudonymisierter Form und l\u00e4sst keinen R\u00fcckschluss auf Sie als nat\u00fcrlich Person zu.<\/p>\n\n\n\n<h2 class=\"wp-block-heading\">Zweckgebundene Datenverwendung<\/h2>\n\n\n\n<p>Wir beachten den Grundsatz der zweckgebundenen Daten-Verwendung und erheben, verarbeiten und speichern personenbezogene Daten nur f\u00fcr die Zwecke, die legitim sind und eine entsprechende Rechtsgrundlage besitzen.<\/p>\n\n\n\n<p>BESCHREIBUNG DES LEGITIMEN VERWENDUNGSZWECKS: Auftragserf\u00fcllung, Ausstellung von Lizenzen, gesetzliche Vorgaben<\/p>\n\n\n\n<p>Auch den unternehmensinternen Datenschutz nehmen wir sehr ernst. Unsere Mitarbeiter und die von uns beauftragten Dienstleistungsunternehmen sind von uns zur Verschwiegenheit und zur Einhaltung der datenschutzrechtlichen Bestimmungen verpflichtet worden.<\/p>\n\n\n\n<h2 class=\"wp-block-heading\">Auskunfts-, L\u00f6schungs- und Widerspruchsrecht sowie Kontaktdaten<\/h2>\n\n\n\n<p>Ihnen steht das Recht zu, jederzeit in angemessenem Umfang Auskunft \u00fcber bzw. L\u00f6schung der von Ihnen verarbeiteten personenbezogenen Daten zu verlangen. Ferner steht Ihnen das Recht zu, diese Daten berichtigen oder sperren zu lassen. Ebenso haben Sie das Recht, jederzeit, ohne Angabe von Gr\u00fcnden, der Verarbeitung Ihrer personenbezogenen Daten zu widersprechen. In diesem Fall werden wir die weitere Verarbeitung Ihrer personenbezogenen Daten sofort einstellen und die Daten unwiederbringlich vernichten. Bitte beachten Sie, dass dadurch eine weitere Zusammenarbeit ausgeschlossen wird oder Dienstleistungen unsererseits nicht mehr m\u00f6glich sind.<\/p>\n\n\n\n<p>Wenn Sie Auskunft \u00fcber Ihre personenbezogenen Daten beziehungsweise deren Korrektur oder L\u00f6schung w\u00fcnschen sowie Widerspruch einlegen m\u00f6chten oder weitergehende Fragen \u00fcber die Verwendung Ihrer uns \u00fcberlassenen personenbezogenen Daten haben, kontaktieren Sie bitte:<\/p>\n\n\n\n<p>O\u00d6PVS<br>Karl-Spies-Stra\u00dfe 1\/3<br>2525 Sch\u00f6nau\/Triesting \u00d6sterreich<\/p>\n\n\n\n<p>+43 664 5356933<\/p>\n\n\n\n<p>office@ooepvs.at<\/p>\n\n\n\n<p>Jeder Betroffene hat jederzeit das Recht, sich bei Unzufriedenheit, Unstimmigkeiten oder bei einem Verdacht auf Unregelm\u00e4\u00dfigkeiten direkt an die Datenschutzbeh\u00f6rde seines Heimatlandes zu richten.<\/p>\n\n\n\n<p>Beachten sie, dass sich Datenschutzbestimmungen und Handhabungen zum Datenschutz, z. B. bei Google, laufend \u00e4ndern k\u00f6nnen. Es ist daher ratsam und erforderlich, sich \u00fcber Ver\u00e4nderungen der gesetzlichen Bestimmungen und der Praxis von Unternehmen, z. B. Google, laufend zu informieren.<\/p>\n\n\n\n<p>F\u00fcr alle Webseitenbetreiber, die einen Link zu dieser Seite ihrer jeweiligen Homepage einf\u00fcgt haben, gilt, dass die Textelemente jeder hier enthaltenen Datenschutzerkl\u00e4rung nur beispielhaften Charakter haben und keinen Anspruch auf Vollst\u00e4ndigkeit, Richtigkeit und Aktualit\u00e4t erheben sowie keine individuelle Rechtsberatung ersetzen k\u00f6nnen. Ein Rechtsberatungsverh\u00e4ltnis oder ein sonst irgendwie bindendes Rechtsverh\u00e4ltnis kommt durch die Nutzung dieser Seiten und Inhalte nicht zustande. Die Inhalte der Datenschutzerkl\u00e4rung sind selbst\u00e4ndig und in Eigenverantwortung zu pr\u00fcfen, ob sie f\u00fcr die jeweiligen Internetangebote oder -dienste zutreffend sind und keine Zusagen enthalten, die der Webseitenbetreiber selbst nicht erf\u00fcllen kann.\u201c<\/p>\n","protected":false},"excerpt":{"rendered":"<p>Datenschutzerkl\u00e4rung Vielen Dank f\u00fcr Ihr Interesse an unserem Onlineauftritt. Der Schutz Ihrer pers\u00f6nlichen Daten liegt uns sehr am Herzen. An dieser Stelle m\u00f6chten wir Sie daher \u00fcber den Datenschutz in unserem Unternehmen informieren. Selbstverst\u00e4ndlich beachten wir die gesetzlichen Bestimmungen des Datenschutzgesetzes (DSG2000, EUDSGVO) des Telekommunikations-gesetzes (TKG) und anderer datenschutzrechtlicher Bestimmungen. Bei Ihren pers\u00f6nlichen Daten k\u00f6nnen &hellip; <\/p>\n<p class=\"link-more\"><a href=\"https:\/\/www.ooepvs.at\/home\/index.php\/datenschutz\/\" class=\"more-link\"><span class=\"screen-reader-text\">\u201eDatenschutz\u201c<\/span> weiterlesen<\/a><\/p>\n","protected":false},"author":3,"featured_media":0,"parent":0,"menu_order":0,"comment_status":"closed","ping_status":"closed","template":"","meta":{"footnotes":""},"class_list":["post-285","page","type-page","status-publish","hentry"],"_links":{"self":[{"href":"https:\/\/www.ooepvs.at\/home\/index.php\/wp-json\/wp\/v2\/pages\/285","targetHints":{"allow":["GET"]}}],"collection":[{"href":"https:\/\/www.ooepvs.at\/home\/index.php\/wp-json\/wp\/v2\/pages"}],"about":[{"href":"https:\/\/www.ooepvs.at\/home\/index.php\/wp-json\/wp\/v2\/types\/page"}],"author":[{"embeddable":true,"href":"https:\/\/www.ooepvs.at\/home\/index.php\/wp-json\/wp\/v2\/users\/3"}],"replies":[{"embeddable":true,"href":"https:\/\/www.ooepvs.at\/home\/index.php\/wp-json\/wp\/v2\/comments?post=285"}],"version-history":[{"count":3,"href":"https:\/\/www.ooepvs.at\/home\/index.php\/wp-json\/wp\/v2\/pages\/285\/revisions"}],"predecessor-version":[{"id":293,"href":"https:\/\/www.ooepvs.at\/home\/index.php\/wp-json\/wp\/v2\/pages\/285\/revisions\/293"}],"wp:attachment":[{"href":"https:\/\/www.ooepvs.at\/home\/index.php\/wp-json\/wp\/v2\/media?parent=285"}],"curies":[{"name":"wp","href":"https:\/\/api.w.org\/{rel}","templated":true}]}}